{"id":296,"date":"2025-05-15T17:42:42","date_gmt":"2025-05-15T15:42:42","guid":{"rendered":"https:\/\/restoran-kneja.com\/privacy-policy\/"},"modified":"2025-06-11T16:24:53","modified_gmt":"2025-06-11T14:24:53","slug":"privacy-policy","status":"publish","type":"page","link":"https:\/\/restoran-kneja.com\/en\/privacy-policy\/","title":{"rendered":"Privacy Policy"},"content":{"rendered":"&#13;\n<h3 class=\"wp-block-heading\" data-start=\"198\" data-end=\"212\">Who are we?<\/h3>&#13;\n<p data-start=\"214\" data-end=\"297\">Adresa na\u0161e web stranice je: <a class=\"\" href=\"https:\/\/restoran-kneja.com\/en\/\" target=\"_new\" rel=\"noopener\" data-start=\"243\" data-end=\"297\">https:\/\/kneja.progreen.hr<\/a><\/p>&#13;\n<h3 data-start=\"299\" data-end=\"312\">Comments<\/h3>&#13;\n<p data-start=\"314\" data-end=\"545\">Kada posjetitelji ostavljaju komentare na na\u0161oj stranici, prikupljamo podatke prikazane u obrascu za komentare, kao i IP adresu posjetitelja i podatke o korisni\u010dkom agentu preglednika radi lak\u0161eg otkrivanja ne\u017eeljene po\u0161te (spama).<\/p>&#13;\n<p data-start=\"547\" data-end=\"901\">Anonimizirani niz (hash) stvoren iz va\u0161e e-mail adrese mo\u017ee se poslati Gravatar servisu kako bi se provjerilo koristite li ga. Pravila privatnosti Gravatar servisa dostupna su ovdje: <a class=\"\" href=\"https:\/\/automattic.com\/privacy\/\" target=\"_new\" rel=\"noopener\" data-start=\"730\" data-end=\"796\">https:\/\/automattic.com\/privacy\/<\/a>. Nakon odobrenja va\u0161eg komentara, va\u0161a profilna slika bit \u0107e javno vidljiva u kontekstu va\u0161eg komentara.<\/p>&#13;\n<h3 data-start=\"903\" data-end=\"913\">Media<\/h3>&#13;\n<p data-start=\"915\" data-end=\"1125\">Ako prenosite slike na web stranicu, trebali biste izbjegavati prijenos slika koje sadr\u017ee ugra\u0111ene podatke o lokaciji (EXIF GPS). Posjetitelji web stranice mogu preuzeti i izdvojiti podatke o lokaciji iz slika.<\/p>&#13;\n<h3 data-start=\"1127\" data-end=\"1149\">Cookies<\/h3>&#13;\n<p data-start=\"1151\" data-end=\"1415\">Ako ostavite komentar na na\u0161oj stranici, mo\u017eete odabrati spremanje va\u0161eg imena, e-mail adrese i web stranice u kola\u010di\u0107e. Ovo je radi va\u0161e udobnosti, kako ne biste ponovno morali unositi svoje podatke prilikom sljede\u0107eg komentiranja. Ti kola\u010di\u0107i traju jednu godinu.<\/p>&#13;\n<p data-start=\"1417\" data-end=\"1621\">Ako posjetite na\u0161u stranicu za prijavu, postavit \u0107emo privremeni kola\u010di\u0107 kako bismo utvrdili prihva\u0107a li va\u0161 preglednik kola\u010di\u0107e. Taj kola\u010di\u0107 ne sadr\u017ei osobne podatke i bri\u0161e se kada zatvorite preglednik.<\/p>&#13;\n<p data-start=\"1623\" data-end=\"1946\">Kod prijave, postavit \u0107emo nekoliko kola\u010di\u0107a za spremanje va\u0161ih podataka o prijavi i postavki prikaza zaslona. Kola\u010di\u0107i za prijavu traju dva dana, a kola\u010di\u0107i za opcije zaslona traju godinu dana. Ako odaberete &#8220;Zapamti me&#8221;, prijava \u0107e trajati dva tjedna. Ako se odjavite iz svog ra\u010duna, kola\u010di\u0107i za prijavu bit \u0107e uklonjeni.<\/p>&#13;\n<p data-start=\"1948\" data-end=\"2144\">Ako uredite ili objavite \u010dlanak, u va\u0161 preglednik \u0107e se spremiti dodatni kola\u010di\u0107. Taj kola\u010di\u0107 ne sadr\u017ei osobne podatke i samo ozna\u010dava ID objave koju ste upravo uredili. Istje\u010de nakon jednog dana.<\/p>&#13;\n<h3 data-start=\"2146\" data-end=\"2188\">Embedded content from other websites<\/h3>&#13;\n<p data-start=\"2190\" data-end=\"2407\">\u010clanci na ovoj web stranici mogu sadr\u017eavati ugra\u0111eni sadr\u017eaj (npr. videozapise, slike, \u010dlanke itd.). Ugra\u0111eni sadr\u017eaj s drugih web stranica pona\u0161a se na isti na\u010din kao da je posjetitelj posjetio tu drugu web stranicu.<\/p>&#13;\n<p data-start=\"2409\" data-end=\"2639\">Te web stranice mogu prikupljati podatke o vama, koristiti kola\u010di\u0107e, ugraditi dodatno pra\u0107enje tre\u0107ih strana i pratiti va\u0161u interakciju s tim sadr\u017eajem, uklju\u010duju\u0107i i pra\u0107enje ako imate ra\u010dun i prijavljeni ste na toj web stranici.<\/p>&#13;\n<h3 data-start=\"2641\" data-end=\"2672\">Who do we share your information with?<\/h3>&#13;\n<p data-start=\"2674\" data-end=\"2783\">Ako zatra\u017eite ponovno postavljanje lozinke, va\u0161a IP adresa bit \u0107e uklju\u010dena u e-mail za ponovno postavljanje.<\/p>&#13;\n<h3 data-start=\"2785\" data-end=\"2824\">How long do we keep your data?<\/h3>&#13;\n<p data-start=\"2826\" data-end=\"3026\">Ako ostavite komentar, komentar i njegovi metapodaci \u010duvaju se trajno. To \u010dinimo kako bismo mogli automatski prepoznati i odobriti sve naredne komentare umjesto da ih zadr\u017eavamo u redu za moderiranje.<\/p>&#13;\n<p data-start=\"3028\" data-end=\"3391\">Za korisnike koji se registriraju na na\u0161oj web stranici (ako ih ima), tako\u0111er pohranjujemo osobne podatke koje unesu u svoj korisni\u010dki profil. Svi korisnici mogu vidjeti, urediti ili izbrisati svoje osobne podatke u bilo kojem trenutku (osim korisni\u010dkog imena koje ne mogu promijeniti). Administratori web stranice tako\u0111er mogu vidjeti i ure\u0111ivati te informacije.<\/p>&#13;\n<h3 data-start=\"3393\" data-end=\"3430\">Your rights over your own data<\/h3>&#13;\n<p data-start=\"3432\" data-end=\"3786\">Ako imate ra\u010dun na ovoj web stranici ili ste ostavili komentare, mo\u017eete zatra\u017eiti datoteku s izvezenim osobnim podacima koje imamo o vama, uklju\u010duju\u0107i sve podatke koje ste nam dali. Tako\u0111er mo\u017eete zatra\u017eiti da izbri\u0161emo sve osobne podatke koje imamo o vama. Ovo ne uklju\u010duje podatke koje smo obvezni \u010duvati u administrativne, pravne ili sigurnosne svrhe.<\/p>&#13;\n<h3 data-start=\"3788\" data-end=\"3817\">Where your data is sent<\/h3>&#13;\n<p data-start=\"3819\" data-end=\"3915\">Komentari posjetitelja mogu se provjeriti putem automatske usluge za otkrivanje ne\u017eeljene po\u0161te.<\/p>","protected":false},"excerpt":{"rendered":"<p>&#13; Who are we? &#13; Adresa na\u0161e web stranice je: https:\/\/kneja.progreen.hr &#13; Comments &#13; Kada posjetitelji ostavljaju komentare na na\u0161oj stranici, prikupljamo podatke prikazane u obrascu za komentare, kao i IP adresu posjetitelja i podatke o korisni\u010dkom agentu preglednika radi lak\u0161eg otkrivanja ne\u017eeljene po\u0161te (spama). &#13; Anonimizirani niz (hash) stvoren iz va\u0161e e-mail adrese mo\u017ee&#8230;<\/p>\n","protected":false},"author":1,"featured_media":0,"parent":0,"menu_order":0,"comment_status":"closed","ping_status":"open","template":"","meta":{"footnotes":""},"class_list":["post-296","page","type-page","status-publish","hentry"],"yoast_head":"<!-- This site is optimized with the Yoast SEO plugin v26.6 - https:\/\/yoast.com\/wordpress\/plugins\/seo\/ -->\n<title>Privacy Policy - Kneja<\/title>\n<meta name=\"robots\" content=\"index, follow, max-snippet:-1, max-image-preview:large, max-video-preview:-1\" \/>\n<link rel=\"canonical\" href=\"https:\/\/restoran-kneja.com\/en\/privacy-policy\/\" \/>\n<meta property=\"og:locale\" content=\"en_US\" \/>\n<meta property=\"og:type\" content=\"article\" \/>\n<meta property=\"og:title\" content=\"Privacy Policy - Kneja\" \/>\n<meta property=\"og:description\" content=\"&#013; Who are we? &#013; Adresa na\u0161e web stranice je: https:\/\/kneja.progreen.hr &#013; Comments &#013; Kada posjetitelji ostavljaju komentare na na\u0161oj stranici, prikupljamo podatke prikazane u obrascu za komentare, kao i IP adresu posjetitelja i podatke o korisni\u010dkom agentu preglednika radi lak\u0161eg otkrivanja ne\u017eeljene po\u0161te (spama). &#013; Anonimizirani niz (hash) stvoren iz va\u0161e e-mail adrese mo\u017ee...\" \/>\n<meta property=\"og:url\" content=\"https:\/\/restoran-kneja.com\/en\/privacy-policy\/\" \/>\n<meta property=\"og:site_name\" content=\"Kneja\" \/>\n<meta property=\"article:modified_time\" content=\"2025-06-11T14:24:53+00:00\" \/>\n<meta name=\"twitter:card\" content=\"summary_large_image\" \/>\n<meta name=\"twitter:label1\" content=\"Est. reading time\" \/>\n\t<meta name=\"twitter:data1\" content=\"3 minutes\" \/>\n<script type=\"application\/ld+json\" class=\"yoast-schema-graph\">{\"@context\":\"https:\/\/schema.org\",\"@graph\":[{\"@type\":\"WebPage\",\"@id\":\"https:\/\/restoran-kneja.com\/en\/privacy-policy\/\",\"url\":\"https:\/\/restoran-kneja.com\/en\/privacy-policy\/\",\"name\":\"Privacy Policy - Kneja\",\"isPartOf\":{\"@id\":\"https:\/\/restoran-kneja.com\/en\/#website\"},\"datePublished\":\"2025-05-15T15:42:42+00:00\",\"dateModified\":\"2025-06-11T14:24:53+00:00\",\"breadcrumb\":{\"@id\":\"https:\/\/restoran-kneja.com\/en\/privacy-policy\/#breadcrumb\"},\"inLanguage\":\"en-US\",\"potentialAction\":[{\"@type\":\"ReadAction\",\"target\":[\"https:\/\/restoran-kneja.com\/en\/privacy-policy\/\"]}]},{\"@type\":\"BreadcrumbList\",\"@id\":\"https:\/\/restoran-kneja.com\/en\/privacy-policy\/#breadcrumb\",\"itemListElement\":[{\"@type\":\"ListItem\",\"position\":1,\"name\":\"Po\u010detna stranica\",\"item\":\"https:\/\/restoran-kneja.com\/en\/\"},{\"@type\":\"ListItem\",\"position\":2,\"name\":\"Privacy Policy\"}]},{\"@type\":\"WebSite\",\"@id\":\"https:\/\/restoran-kneja.com\/en\/#website\",\"url\":\"https:\/\/restoran-kneja.com\/en\/\",\"name\":\"Kneja\",\"description\":\"\",\"potentialAction\":[{\"@type\":\"SearchAction\",\"target\":{\"@type\":\"EntryPoint\",\"urlTemplate\":\"https:\/\/restoran-kneja.com\/en\/?s={search_term_string}\"},\"query-input\":{\"@type\":\"PropertyValueSpecification\",\"valueRequired\":true,\"valueName\":\"search_term_string\"}}],\"inLanguage\":\"en-US\"}]}<\/script>\n<!-- \/ Yoast SEO plugin. -->","yoast_head_json":{"title":"Privacy Policy - Kneja","robots":{"index":"index","follow":"follow","max-snippet":"max-snippet:-1","max-image-preview":"max-image-preview:large","max-video-preview":"max-video-preview:-1"},"canonical":"https:\/\/restoran-kneja.com\/en\/privacy-policy\/","og_locale":"en_US","og_type":"article","og_title":"Privacy Policy - Kneja","og_description":"&#13; Who are we? &#13; Adresa na\u0161e web stranice je: https:\/\/kneja.progreen.hr &#13; Comments &#13; Kada posjetitelji ostavljaju komentare na na\u0161oj stranici, prikupljamo podatke prikazane u obrascu za komentare, kao i IP adresu posjetitelja i podatke o korisni\u010dkom agentu preglednika radi lak\u0161eg otkrivanja ne\u017eeljene po\u0161te (spama). &#13; Anonimizirani niz (hash) stvoren iz va\u0161e e-mail adrese mo\u017ee...","og_url":"https:\/\/restoran-kneja.com\/en\/privacy-policy\/","og_site_name":"Kneja","article_modified_time":"2025-06-11T14:24:53+00:00","twitter_card":"summary_large_image","twitter_misc":{"Est. reading time":"3 minutes"},"schema":{"@context":"https:\/\/schema.org","@graph":[{"@type":"WebPage","@id":"https:\/\/restoran-kneja.com\/en\/privacy-policy\/","url":"https:\/\/restoran-kneja.com\/en\/privacy-policy\/","name":"Privacy Policy - Kneja","isPartOf":{"@id":"https:\/\/restoran-kneja.com\/en\/#website"},"datePublished":"2025-05-15T15:42:42+00:00","dateModified":"2025-06-11T14:24:53+00:00","breadcrumb":{"@id":"https:\/\/restoran-kneja.com\/en\/privacy-policy\/#breadcrumb"},"inLanguage":"en-US","potentialAction":[{"@type":"ReadAction","target":["https:\/\/restoran-kneja.com\/en\/privacy-policy\/"]}]},{"@type":"BreadcrumbList","@id":"https:\/\/restoran-kneja.com\/en\/privacy-policy\/#breadcrumb","itemListElement":[{"@type":"ListItem","position":1,"name":"Po\u010detna stranica","item":"https:\/\/restoran-kneja.com\/en\/"},{"@type":"ListItem","position":2,"name":"Privacy Policy"}]},{"@type":"WebSite","@id":"https:\/\/restoran-kneja.com\/en\/#website","url":"https:\/\/restoran-kneja.com\/en\/","name":"Kneja","description":"","potentialAction":[{"@type":"SearchAction","target":{"@type":"EntryPoint","urlTemplate":"https:\/\/restoran-kneja.com\/en\/?s={search_term_string}"},"query-input":{"@type":"PropertyValueSpecification","valueRequired":true,"valueName":"search_term_string"}}],"inLanguage":"en-US"}]}},"_links":{"self":[{"href":"https:\/\/restoran-kneja.com\/en\/wp-json\/wp\/v2\/pages\/296","targetHints":{"allow":["GET"]}}],"collection":[{"href":"https:\/\/restoran-kneja.com\/en\/wp-json\/wp\/v2\/pages"}],"about":[{"href":"https:\/\/restoran-kneja.com\/en\/wp-json\/wp\/v2\/types\/page"}],"author":[{"embeddable":true,"href":"https:\/\/restoran-kneja.com\/en\/wp-json\/wp\/v2\/users\/1"}],"replies":[{"embeddable":true,"href":"https:\/\/restoran-kneja.com\/en\/wp-json\/wp\/v2\/comments?post=296"}],"version-history":[{"count":1,"href":"https:\/\/restoran-kneja.com\/en\/wp-json\/wp\/v2\/pages\/296\/revisions"}],"predecessor-version":[{"id":297,"href":"https:\/\/restoran-kneja.com\/en\/wp-json\/wp\/v2\/pages\/296\/revisions\/297"}],"wp:attachment":[{"href":"https:\/\/restoran-kneja.com\/en\/wp-json\/wp\/v2\/media?parent=296"}],"curies":[{"name":"wp","href":"https:\/\/api.w.org\/{rel}","templated":true}]}}